{"id":40371,"date":"2019-08-06T10:53:44","date_gmt":"2019-08-06T10:53:44","guid":{"rendered":"https:\/\/suitehomes.eu\/dsgvo-allgemeine-geschaeftsbedingungen\/"},"modified":"2019-08-06T10:53:44","modified_gmt":"2019-08-06T10:53:44","slug":"dsgvo-allgemeine-geschaeftsbedingungen","status":"publish","type":"page","link":"https:\/\/suitehomes.eu\/de\/dsgvo-allgemeine-geschaeftsbedingungen\/","title":{"rendered":"DSGVO \u2013 Allgemeine Gesch\u00e4ftsbedingungen"},"content":{"rendered":"<h1 class=\"entry-title\">DSGVO Gesch\u00e4ftsbedingungen<\/h1>\n<div class=\"single-content\">\n<h3>Wer wir sind<\/h3>\n<p>Bearbeiten Sie diesen Inhalt nach Belieben. Unsere Webadresse lautet:<\/p>\n<h3>Kommentare<\/h3>\n<p>Wenn Besucher Kommentare auf der Website hinterlassen, erfassen wir die im Kommentarformular angegebenen Daten sowie die IP-Adresse des Besuchers und den User-Agent-String des Browsers, um die Erkennung von Spam zu unterst\u00fctzen.<\/p>\n<p>Ein anonymisierter String, der aus Ihrer E-Mail-Adresse erstellt wurde (auch Hash genannt), kann an den Gravatar-Dienst \u00fcbermittelt werden, um zu pr\u00fcfen, ob Sie diesen verwenden. Die Datenschutzrichtlinie des Gravatar-Dienstes ist hier verf\u00fcgbar: https:\/\/automattic.com\/privacy\/. Nach Freigabe Ihres Kommentars ist Ihr Profilbild im Zusammenhang mit Ihrem Kommentar \u00f6ffentlich sichtbar.<\/p>\n<h3>Medien<\/h3>\n<p>Wenn Sie Bilder auf die Website hochladen, sollten Sie vermeiden, Bilder mit eingebetteten Standortdaten (EXIF GPS) hochzuladen. Besucher der Website k\u00f6nnen Standortdaten aus Bildern auf der Website herunterladen und extrahieren.<\/p>\n<h3>Cookies<\/h3>\n<p>Wenn Sie einen Kommentar auf unserer Website hinterlassen, k\u00f6nnen Sie zustimmen, dass Ihr Name, Ihre E-Mail-Adresse und Ihre Website in Cookies gespeichert werden. Diese dienen zu Ihrem Komfort, damit Sie Ihre Daten nicht erneut eingeben m\u00fcssen, wenn Sie einen weiteren Kommentar hinterlassen. Diese Cookies bleiben ein Jahr lang gespeichert.<\/p>\n<p>Wenn Sie ein Konto haben und sich auf dieser Website anmelden, setzen wir ein tempor\u00e4res Cookie, um festzustellen, ob Ihr Browser Cookies akzeptiert. Dieses Cookie enth\u00e4lt keine pers\u00f6nlichen Daten und wird gel\u00f6scht, wenn Sie Ihren Browser schlie\u00dfen.<\/p>\n<p>Wenn Sie sich anmelden, legen wir au\u00dferdem mehrere Cookies an, um Ihre Anmeldeinformationen und Ihre Anzeigeeinstellungen zu speichern. Anmelde-Cookies bleiben zwei Tage lang gespeichert, und Cookies f\u00fcr Anzeigeeinstellungen ein Jahr. Wenn Sie \u201eAngemeldet bleiben\u201c ausw\u00e4hlen, bleibt Ihre Anmeldung zwei Wochen lang bestehen. Wenn Sie sich von Ihrem Konto abmelden, werden die Anmelde-Cookies gel\u00f6scht.<\/p>\n<p>Wenn Sie einen Artikel bearbeiten oder ver\u00f6ffentlichen, wird ein zus\u00e4tzliches Cookie in Ihrem Browser gespeichert. Dieses Cookie enth\u00e4lt keine personenbezogenen Daten und zeigt lediglich die Beitrags-ID des Artikels an, den Sie gerade bearbeitet haben. Es l\u00e4uft nach einem Tag ab.<\/p>\n<h3>M\u00f6chtest du auch den folgenden erkl\u00e4renden Satz \u00fcbersetzen?<\/h3>\n<p>Artikel auf dieser Website k\u00f6nnen eingebettete Inhalte enthalten (z.\u202fB. Videos, Bilder, Artikel usw.). Eingebettete Inhalte von anderen Websites verhalten sich exakt so, als h\u00e4tte der Besucher die andere Website direkt aufgerufen.<\/p>\n<p>Diese Websites k\u00f6nnen Daten \u00fcber Sie sammeln, Cookies verwenden, zus\u00e4tzliche Drittanbieter-Trackingdienste einbetten und Ihre Interaktion mit den eingebetteten Inhalten \u00fcberwachen \u2013 einschlie\u00dflich der Nachverfolgung Ihrer Interaktion, wenn Sie ein Konto haben und auf dieser Website angemeldet sind.<\/p>\n<h3>Wie lange wir Ihre Daten speichern<\/h3>\n<p>M\u00f6chtest du den n\u00e4chsten Satz \u00fcbersetzt haben? Dies dient dazu, Folgekommentare automatisch zu erkennen und freizugeben, anstatt sie in der Moderationswarteschlange zu halten.<\/p>\n<p>F\u00fcr Benutzer, die sich auf unserer Website registrieren (sofern vorhanden), speichern wir auch die personenbezogenen Daten, die sie in ihrem Benutzerprofil angeben. Alle Benutzer k\u00f6nnen ihre personenbezogenen Daten jederzeit einsehen, bearbeiten oder l\u00f6schen (au\u00dfer ihrem Benutzernamen, der nicht ge\u00e4ndert werden kann). Website-Administratoren k\u00f6nnen diese Informationen ebenfalls einsehen und bearbeiten.<\/p>\n<h3>M\u00f6chtest du auch die Erkl\u00e4rung zu diesen Rechten \u00fcbersetzt haben?<\/h3>\n<p>Wenn Sie ein Konto auf dieser Website haben oder Kommentare hinterlassen haben, k\u00f6nnen Sie eine Kopie der personenbezogenen Daten anfordern, die wir \u00fcber Sie gespeichert haben, einschlie\u00dflich aller Daten, die Sie uns bereitgestellt haben. Sie k\u00f6nnen au\u00dferdem verlangen, dass wir s\u00e4mtliche personenbezogenen Daten, die wir \u00fcber Sie gespeichert haben, l\u00f6schen. Das ist korrekt! M\u00f6chtest du, dass ich dir bei der \u00dcbersetzung weiterer Texte helfe oder diese Version f\u00fcr dich \u00fcberpr\u00fcfe?<\/p>\n<\/div>\n","protected":false},"excerpt":{"rendered":"<p>DSGVO Gesch\u00e4ftsbedingungen Wer wir sind Bearbeiten Sie diesen Inhalt nach Belieben. Unsere Webadresse lautet: Kommentare Wenn Besucher Kommentare auf der Website hinterlassen, erfassen wir die im Kommentarformular angegebenen Daten sowie die IP-Adresse des Besuchers und den User-Agent-String des Browsers, um die Erkennung von Spam zu unterst\u00fctzen. Ein anonymisierter String, der aus Ihrer E-Mail-Adresse erstellt wurde &#8230;<\/p>\n","protected":false},"author":1,"featured_media":0,"parent":0,"menu_order":0,"comment_status":"closed","ping_status":"closed","template":"gdpr_terms.php","meta":{"inline_featured_image":false,"footnotes":""},"class_list":["post-40371","page","type-page","status-publish","hentry"],"jetpack_sharing_enabled":true,"_links":{"self":[{"href":"https:\/\/suitehomes.eu\/de\/wp-json\/wp\/v2\/pages\/40371","targetHints":{"allow":["GET"]}}],"collection":[{"href":"https:\/\/suitehomes.eu\/de\/wp-json\/wp\/v2\/pages"}],"about":[{"href":"https:\/\/suitehomes.eu\/de\/wp-json\/wp\/v2\/types\/page"}],"author":[{"embeddable":true,"href":"https:\/\/suitehomes.eu\/de\/wp-json\/wp\/v2\/users\/1"}],"replies":[{"embeddable":true,"href":"https:\/\/suitehomes.eu\/de\/wp-json\/wp\/v2\/comments?post=40371"}],"version-history":[{"count":0,"href":"https:\/\/suitehomes.eu\/de\/wp-json\/wp\/v2\/pages\/40371\/revisions"}],"wp:attachment":[{"href":"https:\/\/suitehomes.eu\/de\/wp-json\/wp\/v2\/media?parent=40371"}],"curies":[{"name":"wp","href":"https:\/\/api.w.org\/{rel}","templated":true}]}}