{"id":40683,"date":"2025-06-22T11:29:27","date_gmt":"2025-06-22T11:29:27","guid":{"rendered":"https:\/\/suitehomes.eu\/concierge\/"},"modified":"2026-02-10T18:58:51","modified_gmt":"2026-02-10T18:58:51","slug":"concierge","status":"publish","type":"page","link":"https:\/\/suitehomes.eu\/de\/concierge\/","title":{"rendered":"CONCIERGE"},"content":{"rendered":"\n<p>SUITE HOMES bietet exzellente Concierge-Services. Wir arbeiten mit Teams vertrauensw\u00fcrdiger Fachleute zusammen, um Ihnen jederzeit erstklassigen Service zu garantieren. <\/p>\n\n<p>Mit unserer Expertise und Erfahrung k\u00fcmmern wir uns um alle wichtigen Details Ihres Aufenthalts an der Algarve. Wir wissen, dass jeder Eigent\u00fcmer individuelle Bed\u00fcrfnisse hat und die Dinge nach seinen Vorstellungen erledigt werden sollen. Deshalb passen wir uns den W\u00fcnschen unserer Kunden an, um ihnen ein optimales Erlebnis zu bieten. <\/p>\n\n<p>Wir sorgen daf\u00fcr, dass alle Ihre W\u00fcnsche und Bed\u00fcrfnisse gem\u00e4\u00df Ihren Pr\u00e4ferenzen erf\u00fcllt werden. Wir verstehen, dass jeder Kunde anders ist, und bieten daher jedem einzelnen Kunden einen individuellen Service. <\/p>\n\n<p>Mit unserer Expertise und Erfahrung k\u00fcmmern wir uns um alle wichtigen Details Ihres Aufenthalts an der Algarve.<\/p>\n\n<p>Dienstleistungen, die wir anbieten:<\/p>\n\n<ul class=\"wp-block-list\">\n<li>Autovermietung <\/li>\n\n\n\n<li>Privater Chauffeur<\/li>\n\n\n\n<li>Privatjet\/Helikopter <\/li>\n\n\n\n<li>Yachtvermietung <\/li>\n\n\n\n<li>Einstellung von erfahrenem Personal: Kinderm\u00e4dchen, Krankenschwester, Butler, Reinigungskr\u00e4fte <\/li>\n\n\n\n<li>Wir \u00fcbernehmen Reservierungen f\u00fcr Sie (Restaurants, \u00c4rzte, Hotels usw.). <\/li>\n\n\n\n<li>Lieferungen: Lebensmittel, Reinigung, Eink\u00e4ufe <\/li>\n\n\n\n<li>Buchen Sie Touren, Aktivit\u00e4ten und Erlebnisse<\/li>\n\n\n\n<li>Gesundheits- und Sch\u00f6nheitsbehandlungen <\/li>\n\n\n\n<li>\u00dcbersetzer <\/li>\n<\/ul>\n\n<p>Wir sorgen daf\u00fcr, dass alle Ihre W\u00fcnsche und Anforderungen termingerecht und nach Ihren Vorgaben erf\u00fcllt werden. Wir wissen, dass jeder Kunde individuelle Bed\u00fcrfnisse hat und bieten daher jedem Kunden einen auf seine W\u00fcnsche zugeschnittenen Service. <\/p>\n","protected":false},"excerpt":{"rendered":"<p>SUITE HOMES bietet exzellente Concierge-Services. Wir arbeiten mit Teams vertrauensw\u00fcrdiger Fachleute zusammen, um Ihnen jederzeit erstklassigen Service zu garantieren. Mit unserer Expertise und Erfahrung k\u00fcmmern wir uns um alle wichtigen Details Ihres Aufenthalts an der Algarve. Wir wissen, dass jeder Eigent\u00fcmer individuelle Bed\u00fcrfnisse hat und die Dinge nach seinen Vorstellungen erledigt werden sollen. Deshalb passen &#8230;<\/p>\n","protected":false},"author":1,"featured_media":0,"parent":0,"menu_order":0,"comment_status":"closed","ping_status":"closed","template":"","meta":{"inline_featured_image":false,"footnotes":""},"class_list":["post-40683","page","type-page","status-publish","hentry"],"jetpack_sharing_enabled":true,"_links":{"self":[{"href":"https:\/\/suitehomes.eu\/de\/wp-json\/wp\/v2\/pages\/40683","targetHints":{"allow":["GET"]}}],"collection":[{"href":"https:\/\/suitehomes.eu\/de\/wp-json\/wp\/v2\/pages"}],"about":[{"href":"https:\/\/suitehomes.eu\/de\/wp-json\/wp\/v2\/types\/page"}],"author":[{"embeddable":true,"href":"https:\/\/suitehomes.eu\/de\/wp-json\/wp\/v2\/users\/1"}],"replies":[{"embeddable":true,"href":"https:\/\/suitehomes.eu\/de\/wp-json\/wp\/v2\/comments?post=40683"}],"version-history":[{"count":1,"href":"https:\/\/suitehomes.eu\/de\/wp-json\/wp\/v2\/pages\/40683\/revisions"}],"predecessor-version":[{"id":40684,"href":"https:\/\/suitehomes.eu\/de\/wp-json\/wp\/v2\/pages\/40683\/revisions\/40684"}],"wp:attachment":[{"href":"https:\/\/suitehomes.eu\/de\/wp-json\/wp\/v2\/media?parent=40683"}],"curies":[{"name":"wp","href":"https:\/\/api.w.org\/{rel}","templated":true}]}}