{"id":40438,"date":"2019-08-06T10:53:44","date_gmt":"2019-08-06T10:53:44","guid":{"rendered":"https:\/\/suitehomes.eu\/termos-e-condicoes-do-rgpd\/"},"modified":"2019-08-06T10:53:44","modified_gmt":"2019-08-06T10:53:44","slug":"termos-e-condicoes-do-rgpd","status":"publish","type":"page","link":"https:\/\/suitehomes.eu\/pt-pt\/termos-e-condicoes-do-rgpd\/","title":{"rendered":"Termos e Condi\u00e7\u00f5es do RGPD"},"content":{"rendered":"<h1 class=\"entry-title\">Termos e Condi\u00e7\u00f5es do RGPD<\/h1>\n<div class=\"single-content\">\n<h3>Quem somos<\/h3>\n<p>Pode editar este conte\u00fado como desejar. O endere\u00e7o do nosso site \u00e9: <\/p>\n<h3>Coment\u00e1rios<\/h3>\n<p>Quando os visitantes deixam coment\u00e1rios no site, recolhemos os dados mostrados no formul\u00e1rio de coment\u00e1rios, bem como o endere\u00e7o IP do visitante e a sequ\u00eancia do agente do utilizador do navegador, para ajudar na dete\u00e7\u00e3o de spam.<\/p>\n<p>Uma sequ\u00eancia anonimizada criada a partir do seu endere\u00e7o de e-mail (tamb\u00e9m chamada de hash) pode ser fornecida ao servi\u00e7o Gravatar para verificar se o est\u00e1 a utilizar. A pol\u00edtica de privacidade do servi\u00e7o Gravatar est\u00e1 dispon\u00edvel aqui: https:\/\/automattic.com\/privacy\/. Ap\u00f3s a aprova\u00e7\u00e3o do seu coment\u00e1rio, a sua imagem de perfil ficar\u00e1 vis\u00edvel ao p\u00fablico no contexto do seu coment\u00e1rio. <\/p>\n<h3>Media<\/h3>\n<p>Se carregar imagens para o site, deve evitar incluir dados de localiza\u00e7\u00e3o incorporados (EXIF GPS). Os visitantes do site podem descarregar e extrair quaisquer dados de localiza\u00e7\u00e3o presentes nas imagens dispon\u00edveis no site. <\/p>\n<h3>Cookies<\/h3>\n<p>Se deixar um coment\u00e1rio no nosso site, pode optar por guardar o seu nome, endere\u00e7o de e-mail e site em cookies. Isto serve para sua conveni\u00eancia, para que n\u00e3o tenha de voltar a preencher os seus dados quando deixar outro coment\u00e1rio. Estes cookies ter\u00e3o a dura\u00e7\u00e3o de um ano.<\/p>\n<p>Se tiver uma conta e iniciar sess\u00e3o neste site, ser\u00e1 definido um cookie tempor\u00e1rio para verificar se o seu navegador aceita cookies. Este cookie n\u00e3o cont\u00e9m dados pessoais e ser\u00e1 eliminado quando fechar o seu navegador. <\/p>\n<p>Quando iniciar sess\u00e3o, tamb\u00e9m ser\u00e3o configurados v\u00e1rios cookies para guardar a sua informa\u00e7\u00e3o de login e as suas prefer\u00eancias de visualiza\u00e7\u00e3o do ecr\u00e3. Os cookies de login duram dois dias e os cookies das op\u00e7\u00f5es de ecr\u00e3 duram um ano. Se selecionar \u201cLembrar-me\u201d, o seu login ser\u00e1 mantido por duas semanas. Se terminar sess\u00e3o na sua conta, os cookies de login ser\u00e3o removidos.   <\/p>\n<p>Se editar ou publicar um artigo, um cookie adicional ser\u00e1 guardado no seu navegador. Este cookie n\u00e3o cont\u00e9m dados pessoais e apenas indica o ID da publica\u00e7\u00e3o do artigo que acabou de editar. Expira ap\u00f3s 1 dia.  <\/p>\n<h3>Conte\u00fado incorporado de outros sites<\/h3>\n<p>Os artigos neste site podem incluir conte\u00fado incorporado (por exemplo, v\u00eddeos, imagens, artigos, etc.). O conte\u00fado incorporado de outros sites comporta-se da mesma forma como se o visitante tivesse visitado esses outros sites. <\/p>\n<p>Estes sites podem recolher dados sobre si, utilizar cookies, incorporar rastreamento adicional de terceiros e monitorizar a sua intera\u00e7\u00e3o com esse conte\u00fado incorporado, incluindo o rastreio da sua intera\u00e7\u00e3o caso tenha uma conta e esteja autenticado nesse site.<\/p>\n<h3>Por quanto tempo retemos os seus dados<\/h3>\n<p>Se deixar um coment\u00e1rio, o coment\u00e1rio e os seus metadados s\u00e3o retidos indefinidamente. Isto permite-nos reconhecer e aprovar automaticamente quaisquer coment\u00e1rios subsequentes, em vez de os manter numa fila de modera\u00e7\u00e3o. <\/p>\n<p>Para os utilizadores que se registam no nosso site (se houver), tamb\u00e9m armazenamos a informa\u00e7\u00e3o pessoal que fornecem no seu perfil de utilizador. Todos os utilizadores podem ver, editar ou apagar a sua informa\u00e7\u00e3o pessoal a qualquer momento (exceto que n\u00e3o podem alterar o nome de utilizador). Os administradores do site tamb\u00e9m podem ver e editar essa informa\u00e7\u00e3o.  <\/p>\n<h3>Quais os direitos que tem sobre os seus dados<\/p>\n<\/h3>\n<p>Se tiver uma conta neste site, ou tiver deixado coment\u00e1rios, pode solicitar receber um ficheiro exportado com os dados pessoais que guardamos sobre si, incluindo quaisquer dados que nos tenha fornecido. Pode tamb\u00e9m pedir que apaguemos quaisquer dados pessoais que guardamos sobre si. Isto n\u00e3o inclui dados que somos obrigados a manter por raz\u00f5es administrativas, legais ou de seguran\u00e7a.  <\/p>\n<\/div>\n","protected":false},"excerpt":{"rendered":"<p>Termos e Condi\u00e7\u00f5es do RGPD Quem somos Pode editar este conte\u00fado como desejar. O endere\u00e7o do nosso site \u00e9: Coment\u00e1rios Quando os visitantes deixam coment\u00e1rios no site, recolhemos os dados mostrados no formul\u00e1rio de coment\u00e1rios, bem como o endere\u00e7o IP do visitante e a sequ\u00eancia do agente do utilizador do navegador, para ajudar na dete\u00e7\u00e3o &#8230;<\/p>\n","protected":false},"author":1,"featured_media":0,"parent":0,"menu_order":0,"comment_status":"closed","ping_status":"closed","template":"gdpr_terms.php","meta":{"inline_featured_image":false,"footnotes":""},"class_list":["post-40438","page","type-page","status-publish","hentry"],"jetpack_sharing_enabled":true,"_links":{"self":[{"href":"https:\/\/suitehomes.eu\/pt-pt\/wp-json\/wp\/v2\/pages\/40438","targetHints":{"allow":["GET"]}}],"collection":[{"href":"https:\/\/suitehomes.eu\/pt-pt\/wp-json\/wp\/v2\/pages"}],"about":[{"href":"https:\/\/suitehomes.eu\/pt-pt\/wp-json\/wp\/v2\/types\/page"}],"author":[{"embeddable":true,"href":"https:\/\/suitehomes.eu\/pt-pt\/wp-json\/wp\/v2\/users\/1"}],"replies":[{"embeddable":true,"href":"https:\/\/suitehomes.eu\/pt-pt\/wp-json\/wp\/v2\/comments?post=40438"}],"version-history":[{"count":0,"href":"https:\/\/suitehomes.eu\/pt-pt\/wp-json\/wp\/v2\/pages\/40438\/revisions"}],"wp:attachment":[{"href":"https:\/\/suitehomes.eu\/pt-pt\/wp-json\/wp\/v2\/media?parent=40438"}],"curies":[{"name":"wp","href":"https:\/\/api.w.org\/{rel}","templated":true}]}}