{"id":40474,"date":"2015-04-23T12:57:21","date_gmt":"2015-04-23T12:57:21","guid":{"rendered":"https:\/\/suitehomes.eu\/para-onde-enviamos-os-seus-dados\/"},"modified":"2015-04-23T12:57:21","modified_gmt":"2015-04-23T12:57:21","slug":"para-onde-enviamos-os-seus-dados","status":"publish","type":"page","link":"https:\/\/suitehomes.eu\/pt-pt\/para-onde-enviamos-os-seus-dados\/","title":{"rendered":"Para onde enviamos os seus dados"},"content":{"rendered":"<p>Esta Pol\u00edtica de Privacidade regula a forma como o Real Estate WordPress Theme recolhe, utiliza, mant\u00e9m e divulga as informa\u00e7\u00f5es recolhidas dos utilizadores (cada um, um \u201cUtilizador\u201d) do website http:\/\/wprentals.org\/ (\u201cSite\u201d). Esta pol\u00edtica de privacidade aplica-se ao Site e a todos os produtos e servi\u00e7os oferecidos pelo Real Estate WordPress Theme. <\/p>\n<p><b>Informa\u00e7\u00e3o pessoal de identifica\u00e7\u00e3o<\/b><\/p>\n<p>Podemos recolher informa\u00e7\u00e3o pessoal de identifica\u00e7\u00e3o dos Utilizadores de v\u00e1rias formas, em liga\u00e7\u00e3o com as atividades, servi\u00e7os, funcionalidades ou recursos que disponibilizamos no nosso Site. Os Utilizadores podem visitar o nosso Site de forma an\u00f3nima. Apenas recolheremos informa\u00e7\u00e3o pessoal de identifica\u00e7\u00e3o dos Utilizadores se estes a fornecerem voluntariamente. Os Utilizadores podem sempre recusar fornecer informa\u00e7\u00e3o pessoal de identifica\u00e7\u00e3o, embora isso possa impedi-los de participar em certas atividades relacionadas com o Site.<\/p>\n<p><b>Informa\u00e7\u00e3o de identifica\u00e7\u00e3o n\u00e3o pessoal<\/b><\/p>\n<p>Podemos recolher informa\u00e7\u00e3o de identifica\u00e7\u00e3o n\u00e3o pessoal sobre os Utilizadores sempre que estes interagem com o nosso Site. A informa\u00e7\u00e3o de identifica\u00e7\u00e3o n\u00e3o pessoal pode incluir o nome do navegador, o tipo de computador e informa\u00e7\u00f5es t\u00e9cnicas sobre os meios de liga\u00e7\u00e3o dos Utilizadores ao nosso Site, como o sistema operativo, os fornecedores de servi\u00e7os de Internet utilizados e outras informa\u00e7\u00f5es similares. <\/p>\n<p><b>Cookies do navegador web<\/b><\/p>\n<p>O nosso Site pode usar \u201ccookies\u201d para melhorar a experi\u00eancia do Utilizador. O navegador web do Utilizador coloca cookies no seu disco r\u00edgido para fins de registo e, por vezes, para recolher informa\u00e7\u00f5es sobre ele. O Utilizador pode optar por configurar o seu navegador para recusar cookies ou para ser alertado quando os cookies forem enviados. Caso o fa\u00e7a, note que algumas partes do Site poder\u00e3o n\u00e3o funcionar corretamente.   <\/p>\n<p><b>Como protegemos a sua informa\u00e7\u00e3o<\/b><\/p>\n<p>Adotamos pr\u00e1ticas e medidas de seguran\u00e7a adequadas para a recolha, armazenamento e processamento de dados, de modo a proteger contra o acesso n\u00e3o autorizado, altera\u00e7\u00e3o, divulga\u00e7\u00e3o ou destrui\u00e7\u00e3o das suas informa\u00e7\u00f5es pessoais, nome de utilizador, palavra-passe, informa\u00e7\u00f5es de transa\u00e7\u00f5es e dados armazenados no nosso Site.<\/p>\n<p><b>Partilha das suas informa\u00e7\u00f5es pessoais<\/b><\/p>\n<p>N\u00e3o vendemos, trocamos nem alugamos informa\u00e7\u00f5es pessoais dos Utilizadores a terceiros. Podemos partilhar informa\u00e7\u00f5es demogr\u00e1ficas gen\u00e9ricas agregadas, n\u00e3o vinculadas a quaisquer dados pessoais, relativas a visitantes e utilizadores, com os nossos parceiros comerciais, afiliados de confian\u00e7a e anunciantes para os fins acima mencionados. <\/p>\n<p><b>Altera\u00e7\u00f5es a esta pol\u00edtica de privacidade<\/b><\/p>\n<p>O Real Estate WordPress Theme reserva-se o direito de atualizar esta pol\u00edtica de privacidade a qualquer momento. Sempre que o fizermos, iremos atualizar a data da \u00faltima revis\u00e3o no final desta p\u00e1gina. Encorajamos os Utilizadores a consultarem esta p\u00e1gina regularmente para se manterem informados sobre quaisquer altera\u00e7\u00f5es e sobre como ajudamos a proteger a informa\u00e7\u00e3o pessoal que recolhemos. Voc\u00ea reconhece e concorda que \u00e9 da sua responsabilidade rever esta pol\u00edtica de privacidade periodicamente e estar ciente das modifica\u00e7\u00f5es.   <\/p>\n<p><b>A sua aceita\u00e7\u00e3o destes termos<\/b><\/p>\n<p>Ao utilizar este Site, voc\u00ea manifesta a sua aceita\u00e7\u00e3o desta pol\u00edtica. Se n\u00e3o concordar com esta pol\u00edtica, por favor, n\u00e3o utilize o nosso Site. A sua utiliza\u00e7\u00e3o continuada do Site ap\u00f3s a publica\u00e7\u00e3o de altera\u00e7\u00f5es a esta pol\u00edtica ser\u00e1 considerada como aceita\u00e7\u00e3o dessas altera\u00e7\u00f5es.  <\/p>\n","protected":false},"excerpt":{"rendered":"<p>Esta Pol\u00edtica de Privacidade regula a forma como o Real Estate WordPress Theme recolhe, utiliza, mant\u00e9m e divulga as informa\u00e7\u00f5es recolhidas dos utilizadores (cada um, um \u201cUtilizador\u201d) do website http:\/\/wprentals.org\/ (\u201cSite\u201d). Esta pol\u00edtica de privacidade aplica-se ao Site e a todos os produtos e servi\u00e7os oferecidos pelo Real Estate WordPress Theme. Informa\u00e7\u00e3o pessoal de identifica\u00e7\u00e3o &#8230;<\/p>\n","protected":false},"author":1,"featured_media":0,"parent":0,"menu_order":0,"comment_status":"closed","ping_status":"closed","template":"terms_conditions.php","meta":{"inline_featured_image":false,"footnotes":""},"class_list":["post-40474","page","type-page","status-publish","hentry"],"jetpack_sharing_enabled":true,"_links":{"self":[{"href":"https:\/\/suitehomes.eu\/pt-pt\/wp-json\/wp\/v2\/pages\/40474","targetHints":{"allow":["GET"]}}],"collection":[{"href":"https:\/\/suitehomes.eu\/pt-pt\/wp-json\/wp\/v2\/pages"}],"about":[{"href":"https:\/\/suitehomes.eu\/pt-pt\/wp-json\/wp\/v2\/types\/page"}],"author":[{"embeddable":true,"href":"https:\/\/suitehomes.eu\/pt-pt\/wp-json\/wp\/v2\/users\/1"}],"replies":[{"embeddable":true,"href":"https:\/\/suitehomes.eu\/pt-pt\/wp-json\/wp\/v2\/comments?post=40474"}],"version-history":[{"count":0,"href":"https:\/\/suitehomes.eu\/pt-pt\/wp-json\/wp\/v2\/pages\/40474\/revisions"}],"wp:attachment":[{"href":"https:\/\/suitehomes.eu\/pt-pt\/wp-json\/wp\/v2\/media?parent=40474"}],"curies":[{"name":"wp","href":"https:\/\/api.w.org\/{rel}","templated":true}]}}