{"id":40685,"date":"2025-06-22T11:29:27","date_gmt":"2025-06-22T11:29:27","guid":{"rendered":"https:\/\/suitehomes.eu\/concierge\/"},"modified":"2026-02-10T19:12:45","modified_gmt":"2026-02-10T19:12:45","slug":"concierge","status":"publish","type":"page","link":"https:\/\/suitehomes.eu\/pt-pt\/concierge\/","title":{"rendered":"CONCIERGE"},"content":{"rendered":"\n<p>A SUITE HOMES oferece excelentes servi\u00e7os de concierge. Trabalhamos com equipas de profissionais de confian\u00e7a para garantir que recebe o melhor atendimento em todos os momentos. <\/p>\n\n<p>Com a nossa experi\u00eancia e conhecimento, trataremos de todos os pormenores importantes para a sua estadia no Algarve. Compreendemos que cada propriet\u00e1rio tem necessidades diferentes e prefere que as coisas sejam feitas \u00e0 sua maneira, por isso adaptamo-nos \u00e0s necessidades dos nossos clientes para lhes proporcionar a melhor experi\u00eancia poss\u00edvel. <\/p>\n\n<p>Garantimos que todas as suas solicita\u00e7\u00f5es e necessidades s\u00e3o atendidas de acordo com as suas prefer\u00eancias. Entendemos que cada cliente \u00e9 diferente, por isso oferecemos servi\u00e7os personalizados para cada um deles. <\/p>\n\n<p>Com a nossa experi\u00eancia e conhecimento, trataremos de todos os pormenores importantes da sua estadia no Algarve.<\/p>\n\n<p>Servi\u00e7os que oferecemos:<\/p>\n\n<ul class=\"wp-block-list\">\n<li>Aluguer de carro <\/li>\n\n\n\n<li>Motorista particular<\/li>\n\n\n\n<li>Jato privado\/helic\u00f3ptero <\/li>\n\n\n\n<li>Aluguer de iates <\/li>\n\n\n\n<li>Contrata-se pessoal experiente: amas, enfermeira, mordomo, empregadas de limpeza. <\/li>\n\n\n\n<li>Fazer reservas por si (restaurantes, m\u00e9dicos, hot\u00e9is etc.) <\/li>\n\n\n\n<li>Entregas: compras de supermercado, lavandaria, compras em geral. <\/li>\n\n\n\n<li>Reserve passeios, atividades e experi\u00eancias.<\/li>\n\n\n\n<li>Tratamentos de sa\u00fade e beleza <\/li>\n\n\n\n<li>Tradutor <\/li>\n<\/ul>\n\n<p>Garantimos que todas as suas solicita\u00e7\u00f5es e requisitos s\u00e3o atendidos pontualmente e de acordo com as suas prefer\u00eancias. Entendemos que cada cliente \u00e9 diferente e, por isso, oferecemos servi\u00e7os personalizados de acordo com as suas necessidades. <\/p>\n","protected":false},"excerpt":{"rendered":"<p>A SUITE HOMES oferece excelentes servi\u00e7os de concierge. Trabalhamos com equipas de profissionais de confian\u00e7a para garantir que recebe o melhor atendimento em todos os momentos. Com a nossa experi\u00eancia e conhecimento, trataremos de todos os pormenores importantes para a sua estadia no Algarve. Compreendemos que cada propriet\u00e1rio tem necessidades diferentes e prefere que as &#8230;<\/p>\n","protected":false},"author":1,"featured_media":0,"parent":0,"menu_order":0,"comment_status":"closed","ping_status":"closed","template":"","meta":{"inline_featured_image":false,"footnotes":""},"class_list":["post-40685","page","type-page","status-publish","hentry"],"jetpack_sharing_enabled":true,"_links":{"self":[{"href":"https:\/\/suitehomes.eu\/pt-pt\/wp-json\/wp\/v2\/pages\/40685","targetHints":{"allow":["GET"]}}],"collection":[{"href":"https:\/\/suitehomes.eu\/pt-pt\/wp-json\/wp\/v2\/pages"}],"about":[{"href":"https:\/\/suitehomes.eu\/pt-pt\/wp-json\/wp\/v2\/types\/page"}],"author":[{"embeddable":true,"href":"https:\/\/suitehomes.eu\/pt-pt\/wp-json\/wp\/v2\/users\/1"}],"replies":[{"embeddable":true,"href":"https:\/\/suitehomes.eu\/pt-pt\/wp-json\/wp\/v2\/comments?post=40685"}],"version-history":[{"count":1,"href":"https:\/\/suitehomes.eu\/pt-pt\/wp-json\/wp\/v2\/pages\/40685\/revisions"}],"predecessor-version":[{"id":40686,"href":"https:\/\/suitehomes.eu\/pt-pt\/wp-json\/wp\/v2\/pages\/40685\/revisions\/40686"}],"wp:attachment":[{"href":"https:\/\/suitehomes.eu\/pt-pt\/wp-json\/wp\/v2\/media?parent=40685"}],"curies":[{"name":"wp","href":"https:\/\/api.w.org\/{rel}","templated":true}]}}